{"id":23,"date":"2024-02-06T17:46:14","date_gmt":"2024-02-06T16:46:14","guid":{"rendered":"http:\/\/allrunning.store\/?page_id=23"},"modified":"2024-02-06T20:27:30","modified_gmt":"2024-02-06T19:27:30","slug":"home","status":"publish","type":"page","link":"https:\/\/allrunning.store\/?page_id=23","title":{"rendered":"Accueil"},"content":{"rendered":"<section class=\"hts-section hts-hero\">\n    <div class=\"hts-hero-spacer\"><\/div>\n    <div class=\"hts-hero-content\">\n        <div class=\"hts-hero-image\">\n            <img decoding=\"async\" src=\"https:\/\/images.unsplash.com\/photo-1571008887538-b36bb32f4571?crop=entropy\" alt=\"background\" \/>\n        <\/div>\n        <div class=\"hts-hero-block\">\n            <div class=\"hts-hero-body\">\n                <div class=\"hts-hero-details\">\n                    <div>\n                        <h1>Bienvenue sur J&#038;D Running<\/h1>\n                        <p>D\u00e9couvrez le site d&#8217;affiliation ultime pour les amateurs de fitness. Nous commen\u00e7ons par la niche du running et \u00e9largissons notre offre au fitness en g\u00e9n\u00e9ral. Trouvez les meilleurs produits, conseils et programmes pour atteindre vos objectifs de forme physique.<\/p>\n                        <a href=\"https:\/\/allrunning.store\/?page_id=9\" class=\"btn primary\" >Read more<\/a>\n                    <\/div>\n                    <div class=\"hts-hero-body-image\">\n                        <img decoding=\"async\" src=\"https:\/\/images.unsplash.com\/photo-1571008887538-b36bb32f4571?crop=entropy\" alt=\"background\" \/>\n                    <\/div>\n                    <div class=\"hts-hero-footer\">\n                        <div class=\"hts-social\">\n                                                                                                                                        <\/div>\n                        <p class=\"hts-title\">Par amour du running<\/p>\n                    <\/div>\n                <\/div>\n            <\/div>\n        <\/div>\n    <\/div>\n<\/section>\n\n<section class=\"hts-section hts-no-border hts-posts hts-featured-post-wrapper\">\n    <div>\n                <div class=\"hts-posts-header\">\n            <h2 class=\"hts-title\">Featured post<\/h2>\n        <\/div>\n                <div class=\"hts-featured-post\">\n            <!-- Post -->\n            <div class=\"hts-post\">\n                <div class=\"hts-image-wrapper\">\n                                        <a href=\"https:\/\/allrunning.store\/?p=57\" class=\"hts-featured-post-link\">\n                        <img decoding=\"async\" src=\"https:\/\/allrunning.store\/wp-content\/uploads\/2024\/02\/MacBook-Pro-near-white-open-book-1-scaled.jpg\" alt=\"featured\">\n                    <\/a>\n                                                        <\/div>\n                <div class=\"hts-post-details\">\n                    <div class=\"hts-posts-body-header\">\n                        <h2 class=\"hts-title\">Featured post<\/h2>\n                    <\/div>\n                    <div class=\"hts-capsules\">\n                                                                                                                        <a href=\"https:\/\/allrunning.store\/?cat=7\">\n                            <div>Sport<\/div>\n                        <\/a>\n                                                                                                                        <a href=\"https:\/\/allrunning.store\/?cat=6\">\n                            <div>Test Produits<\/div>\n                        <\/a>\n                                                                                            <\/div>\n                                        <a href=\"https:\/\/allrunning.store\/?p=57\">\n                        <h3 class=\"hts-title\">Comment choisir ses chaussures de running ?<\/h3>\n                    <\/a>\n                                                            <p class=\"small\">February 8, 2024 | by allrunning.store<\/p>\n                                    <\/div>\n            <\/div>\n        <\/div>\n    <\/div>\n<\/section>\n\n<section class=\"hts-section hts-posts\">\n    <hr class=\"full\">\n    <div>\n        <div class=\"hts-posts-header\">\n            <h2 class=\"hts-title\">Derniers Articles <\/h2>\n            <a href=\"https:\/\/allrunning.store\" class=\"hts-posts-action\">\n                <p>View all<\/p>\n                <img decoding=\"async\" src=\"https:\/\/allrunning.store\/wp-content\/themes\/hostinger-blog\/build\/images\/icon-arrow-right.svg\" alt=\"view all\">\n            <\/a>\n        <\/div>\n        <div class=\"hts-posts-list\">\n                        <div class=\"hts-post hts-large\">\n                                <div class=\"hts-image-wrapper\">\n                                        <a href=\"https:\/\/allrunning.store\/?p=57\" class=\"hts-featured-post-link\">\n                        <img decoding=\"async\" src=\"https:\/\/allrunning.store\/wp-content\/uploads\/2024\/02\/MacBook-Pro-near-white-open-book-1-scaled.jpg\" alt=\"featured\">\n                    <\/a>\n                                                        <\/div>\n                <div class=\"hts-post-details\">\n                    <div class=\"hts-capsules\">\n                                                                                                                        <a href=\"https:\/\/allrunning.store\/?cat=7\">\n                            <div>Sport<\/div>\n                        <\/a>\n                                                                                                                        <a href=\"https:\/\/allrunning.store\/?cat=6\">\n                            <div>Test Produits<\/div>\n                        <\/a>\n                                                                                            <\/div>\n                    <a href=\"https:\/\/allrunning.store\/?p=57\">\n                        <h3 class=\"hts-title\">Comment choisir ses chaussures de running ?<\/h3>\n                    <\/a>\n                                        <p class=\"small\">February 8, 2024 | by allrunning.store<\/p>\n                                    <\/div>\n            <\/div>\n                        <div class=\"hts-post \">\n                                <div class=\"hts-image-wrapper\">\n                                        <a href=\"https:\/\/allrunning.store\/?p=63\" class=\"hts-featured-post-link\">\n                        <img decoding=\"async\" src=\"https:\/\/allrunning.store\/wp-content\/uploads\/2024\/02\/white-and-red-nike-athletic-shoe-1-scaled.jpg\" alt=\"featured\">\n                    <\/a>\n                                                        <\/div>\n                <div class=\"hts-post-details\">\n                    <div class=\"hts-capsules\">\n                                                                                                                        <a href=\"https:\/\/allrunning.store\/?cat=11\">\n                            <div>Running<\/div>\n                        <\/a>\n                                                                                            <\/div>\n                    <a href=\"https:\/\/allrunning.store\/?p=63\">\n                        <h3 class=\"hts-title\">La dur\u00e9e de vie d&#8217;une chaussure de running : tout ce que vous devez savoir<\/h3>\n                    <\/a>\n                                        <p class=\"small\">February 8, 2024 | by allrunning.store<\/p>\n                                    <\/div>\n            <\/div>\n                        <div class=\"hts-post \">\n                                <div class=\"hts-image-wrapper\">\n                                        <a href=\"https:\/\/allrunning.store\/?p=30\" class=\"hts-featured-post-link\">\n                        <img decoding=\"async\" src=\"https:\/\/images.unsplash.com\/photo-1454165804606-c3d57bc86b40?crop=entropy\" title=\"Photo by Scott Graham\" alt=\"person holding pencil near laptop computer\">                    <\/a>\n                                        <span class=\"hts-unsplash-data\">Photo by <a href=\"https:\/\/unsplash.com\/@homajob?utm_source=hostinger&#038;utm_medium=referral\" rel=\"nofollow\">Scott Graham<\/a> on <a href=\"https:\/\/unsplash.com\/?utm_source=hostinger&#038;utm_medium=referral\" rel=\"nofollow\">Unsplash<\/a><\/span>                <\/div>\n                <div class=\"hts-post-details\">\n                    <div class=\"hts-capsules\">\n                                                                                                                        <a href=\"https:\/\/allrunning.store\/?cat=1\">\n                            <div>Blog<\/div>\n                        <\/a>\n                                                                                            <\/div>\n                    <a href=\"https:\/\/allrunning.store\/?p=30\">\n                        <h3 class=\"hts-title\">Cr\u00e9er un site d&#8217;affiliation sur le fitness: Focus sur la niche du running<\/h3>\n                    <\/a>\n                                        <p class=\"small\">February 6, 2024 | by allrunning.store<\/p>\n                                    <\/div>\n            <\/div>\n                        <div class=\"hts-post \">\n                                <div class=\"hts-image-wrapper\">\n                                        <a href=\"https:\/\/allrunning.store\/?p=28\" class=\"hts-featured-post-link\">\n                        <img decoding=\"async\" src=\"https:\/\/images.unsplash.com\/photo-1454165804606-c3d57bc86b40?crop=entropy\" title=\"Photo by Scott Graham\" alt=\"person holding pencil near laptop computer\">                    <\/a>\n                                        <span class=\"hts-unsplash-data\">Photo by <a href=\"https:\/\/unsplash.com\/@homajob?utm_source=hostinger&#038;utm_medium=referral\" rel=\"nofollow\">Scott Graham<\/a> on <a href=\"https:\/\/unsplash.com\/?utm_source=hostinger&#038;utm_medium=referral\" rel=\"nofollow\">Unsplash<\/a><\/span>                <\/div>\n                <div class=\"hts-post-details\">\n                    <div class=\"hts-capsules\">\n                                                                                                                        <a href=\"https:\/\/allrunning.store\/?cat=1\">\n                            <div>Blog<\/div>\n                        <\/a>\n                                                                                            <\/div>\n                    <a href=\"https:\/\/allrunning.store\/?p=28\">\n                        <h3 class=\"hts-title\">Comment cr\u00e9er un site d&#8217;affiliation sur le fitness<\/h3>\n                    <\/a>\n                                        <p class=\"small\">February 6, 2024 | by allrunning.store<\/p>\n                                    <\/div>\n            <\/div>\n                        <div class=\"hts-post \">\n                                <div class=\"hts-image-wrapper\">\n                                        <a href=\"https:\/\/allrunning.store\/?p=26\" class=\"hts-featured-post-link\">\n                        <img decoding=\"async\" src=\"https:\/\/images.unsplash.com\/photo-1696446700088-3e800f748407?crop=entropy\" title=\"Photo by Boxed Water Is Better\" alt=\"a woman sitting on the floor with her legs crossed\">                    <\/a>\n                                        <span class=\"hts-unsplash-data\">Photo by <a href=\"https:\/\/unsplash.com\/@boxedwater?utm_source=hostinger&#038;utm_medium=referral\" rel=\"nofollow\">Boxed Water Is Better<\/a> on <a href=\"https:\/\/unsplash.com\/?utm_source=hostinger&#038;utm_medium=referral\" rel=\"nofollow\">Unsplash<\/a><\/span>                <\/div>\n                <div class=\"hts-post-details\">\n                    <div class=\"hts-capsules\">\n                                                                                                                        <a href=\"https:\/\/allrunning.store\/?cat=1\">\n                            <div>Blog<\/div>\n                        <\/a>\n                                                                                            <\/div>\n                    <a href=\"https:\/\/allrunning.store\/?p=26\">\n                        <h3 class=\"hts-title\">Comment cr\u00e9er un site d&#8217;affiliation sur le fitness et se sp\u00e9cialiser dans la niche du running<\/h3>\n                    <\/a>\n                                        <p class=\"small\">February 6, 2024 | by allrunning.store<\/p>\n                                    <\/div>\n            <\/div>\n                        <div class=\"hts-post hts-large\">\n                                <div class=\"hts-image-wrapper\">\n                                        <a href=\"https:\/\/allrunning.store\/?p=21\" class=\"hts-featured-post-link\">\n                        <img decoding=\"async\" src=\"https:\/\/images.unsplash.com\/photo-1454165804606-c3d57bc86b40?crop=entropy\" title=\"Photo by Scott Graham\" alt=\"person holding pencil near laptop computer\">                    <\/a>\n                                        <span class=\"hts-unsplash-data\">Photo by <a href=\"https:\/\/unsplash.com\/@homajob?utm_source=hostinger&#038;utm_medium=referral\" rel=\"nofollow\">Scott Graham<\/a> on <a href=\"https:\/\/unsplash.com\/?utm_source=hostinger&#038;utm_medium=referral\" rel=\"nofollow\">Unsplash<\/a><\/span>                <\/div>\n                <div class=\"hts-post-details\">\n                    <div class=\"hts-capsules\">\n                                                                                                                        <a href=\"https:\/\/allrunning.store\/?cat=1\">\n                            <div>Blog<\/div>\n                        <\/a>\n                                                                                            <\/div>\n                    <a href=\"https:\/\/allrunning.store\/?p=21\">\n                        <h3 class=\"hts-title\">Comment cr\u00e9er un site d&#8217;affiliation sur le fitness: Focus sur la niche du running<\/h3>\n                    <\/a>\n                                        <p class=\"small\">February 6, 2024 | by allrunning.store<\/p>\n                                    <\/div>\n            <\/div>\n                    <\/div>\n    <\/div>\n<\/section>\n\n<section class=\"hts-section hts-newsletter\">\n\t<hr class=\"full\">\n\t<div class=\"wrapper\">\n\t<div>\n\t\t<h3 class=\"hts-title\">Newsletter<\/h3>\n\t\t<p>Subscribe to stay up-to-date with my latest creative projects, insights, and tips.<\/p>\n\t<\/div>\n\t<div class=\"hts-newsletter-block\">\n\t\t<form>\n\t\t\t<input type=\"hidden\" id=\"newsletter_nonce\" name=\"newsletter_nonce\" value=\"03416118c7\" \/><input type=\"hidden\" name=\"_wp_http_referer\" value=\"\/index.php?rest_route=%2Fwp%2Fv2%2Fpages%2F23\" \/>\t\t\t<label for=\"hts-newsletter-email\">Email<\/label>\n\t\t\t<input type=\"email\"\n\t\t\t       id=\"hts-newsletter-email\"\n\t\t\t       name=\"newsletter_email\"\n\t\t\t       placeholder=\"What\u2019s your email?\">\n\t\t\t<div class=\"validate-message\"><\/div>\n\t\t\t<div class=\"hts-privacy-agree\">\n\t\t\t\t<label class=\"hts-form-control\">\n\t\t\t\t<input type=\"checkbox\" id=\"privacy-policy-checkbox\" name=\"privacy_policy\" required>\n\t\t\t\t<\/label>\n\t\t\t\t<span>\n\t\t\t\t\tI consent to use of my email address for the purpose of receiving newsletters as described in <a href=\"https:\/\/allrunning.store\/?page_id=3\" target=\"_blank\">Privacy Policy<\/a>, which I have read. I may withdraw my consent at any time.\t\t\t\t<\/span>\n\t\t\t<\/div>\n\t\t\t<input type=\"submit\" class=\"btn primary\" value=\"Subscribe\"\/>\n\t\t<\/form>\n\t<\/div>\n\t<\/div>\n<\/section>","protected":false},"excerpt":{"rendered":"","protected":false},"author":1,"featured_media":5,"parent":0,"menu_order":0,"comment_status":"closed","ping_status":"closed","template":"","meta":{"footnotes":""},"aioseo_notices":[],"_links":{"self":[{"href":"https:\/\/allrunning.store\/index.php?rest_route=\/wp\/v2\/pages\/23"}],"collection":[{"href":"https:\/\/allrunning.store\/index.php?rest_route=\/wp\/v2\/pages"}],"about":[{"href":"https:\/\/allrunning.store\/index.php?rest_route=\/wp\/v2\/types\/page"}],"author":[{"embeddable":true,"href":"https:\/\/allrunning.store\/index.php?rest_route=\/wp\/v2\/users\/1"}],"replies":[{"embeddable":true,"href":"https:\/\/allrunning.store\/index.php?rest_route=%2Fwp%2Fv2%2Fcomments&post=23"}],"version-history":[{"count":2,"href":"https:\/\/allrunning.store\/index.php?rest_route=\/wp\/v2\/pages\/23\/revisions"}],"predecessor-version":[{"id":41,"href":"https:\/\/allrunning.store\/index.php?rest_route=\/wp\/v2\/pages\/23\/revisions\/41"}],"wp:featuredmedia":[{"embeddable":true,"href":"https:\/\/allrunning.store\/index.php?rest_route=\/wp\/v2\/media\/5"}],"wp:attachment":[{"href":"https:\/\/allrunning.store\/index.php?rest_route=%2Fwp%2Fv2%2Fmedia&parent=23"}],"curies":[{"name":"wp","href":"https:\/\/api.w.org\/{rel}","templated":true}]}}